{"id":20112,"date":"2021-11-10T11:54:21","date_gmt":"2021-11-10T11:54:21","guid":{"rendered":"https:\/\/bamboo.md\/?page_id=20112"},"modified":"2025-10-09T19:45:19","modified_gmt":"2025-10-09T19:45:19","slug":"projects","status":"publish","type":"page","link":"https:\/\/bamboo.md\/ro\/proiecte\/","title":{"rendered":"Proiectele Noastre Din \u00centreaga Lume"},"content":{"rendered":"<div data-elementor-type=\"wp-page\" data-elementor-id=\"20112\" class=\"elementor elementor-20112\" data-elementor-post-type=\"page\">\n\t\t\t\t\t\t<section class=\"elementor-section elementor-top-section elementor-element elementor-element-c6120f2 elementor-section-boxed elementor-section-height-default elementor-section-height-default sc_fly_static\" data-id=\"c6120f2\" data-element_type=\"section\" data-e-type=\"section\">\n\t\t\t\t\t\t<div class=\"elementor-container elementor-column-gap-extended\">\n\t\t\t\t\t<div class=\"elementor-column elementor-col-100 elementor-top-column elementor-element elementor-element-da8e40d sc_content_align_inherit sc_layouts_column_icons_position_left sc_fly_static\" data-id=\"da8e40d\" data-element_type=\"column\" data-e-type=\"column\">\n\t\t\t<div class=\"elementor-widget-wrap elementor-element-populated\">\n\t\t\t\t\t\t<div class=\"elementor-element elementor-element-56d769a sc_height_huge sc_fly_static elementor-widget elementor-widget-spacer\" data-id=\"56d769a\" data-element_type=\"widget\" data-e-type=\"widget\" data-widget_type=\"spacer.default\">\n\t\t\t\t<div class=\"elementor-widget-container\">\n\t\t\t\t\t\t\t<div class=\"elementor-spacer\">\n\t\t\t<div class=\"elementor-spacer-inner\"><\/div>\n\t\t<\/div>\n\t\t\t\t\t\t<\/div>\n\t\t\t\t<\/div>\n\t\t\t\t\t<\/div>\n\t\t<\/div>\n\t\t\t\t\t<\/div>\n\t\t<\/section>\n\t\t\t\t<section class=\"elementor-section elementor-top-section elementor-element elementor-element-4a8fcc1e elementor-section-full_width elementor-section-height-default elementor-section-height-default sc_fly_static\" data-id=\"4a8fcc1e\" data-element_type=\"section\" data-e-type=\"section\">\n\t\t\t\t\t\t<div class=\"elementor-container elementor-column-gap-extended\">\n\t\t\t\t\t<div class=\"elementor-column elementor-col-100 elementor-top-column elementor-element elementor-element-652889c9 sc_content_align_inherit sc_layouts_column_icons_position_left sc_fly_static\" data-id=\"652889c9\" data-element_type=\"column\" data-e-type=\"column\">\n\t\t\t<div class=\"elementor-widget-wrap elementor-element-populated\">\n\t\t\t\t\t\t<div class=\"elementor-element elementor-element-626a5734 sc_fly_static elementor-widget elementor-widget-trx_sc_portfolio\" data-id=\"626a5734\" data-element_type=\"widget\" data-e-type=\"widget\" data-widget_type=\"trx_sc_portfolio.default\">\n\t\t\t\t<div class=\"elementor-widget-container\">\n\t\t\t\t\t<div \t\tclass=\"sc_portfolio sc_portfolio_band\"><div class=\"sc_portfolio_content sc_item_content sc_item_posts_container              grid_wrap_4\"><div data-post-id=\"2892\" class=\"sc_portfolio_item sc_item_container post_container\"\n\t\tdata-size=\"1900x1900\"\n\tdata-src=\"https:\/\/bamboo.md\/wp-content\/uploads\/2020\/05\/top-rent-web-site-seo-dising-agence-bamboo.png\"\n\t>\n\t<div class=\"post_featured with_thumb hover_link sc_portfolio_item_thumb trx_addons_image_effects_on_waves2\" data-image-effect-strength=\"30\"><img fetchpriority=\"high\" decoding=\"async\" width=\"890\" height=\"664\" src=\"https:\/\/bamboo.md\/wp-content\/uploads\/2020\/05\/top-rent-web-site-seo-dising-agence-bamboo-890x664.png\" class=\"attachment-panda-thumb-square size-panda-thumb-square wp-post-image\" alt=\"top-rent-web-site-seo-dising-agence-bamboo\" \/>\t\t\t\t\t\t<div class=\"mask\"><\/div>\n\t\t\t\t\t\t\t\t\t<a href=\"https:\/\/bamboo.md\/ro\/portfolio\/top-rent-md\/\"  aria-hidden=\"true\" class=\"link\"><\/a>\n\t\t\t<\/div>    <div class=\"post_content_wrap\">\n        <div class=\"post_meta\"><span class=\"post_meta_item post_categories cat_sep\"><a href=\"https:\/\/bamboo.md\/ro\/portfolio_group\/business\/\" title=\"View all posts in Business\">Afacere<\/a><\/span><\/div>            <h2 class=\"post_title\">\n                    <a href=\"https:\/\/bamboo.md\/ro\/portfolio\/top-rent-md\/\">Top-Rent.md<\/a>\n                    <\/h2>\n        \n                    <div class=\"post_description_content\"> Top-Rent.md \u2013 \u00eenchiriere auto \u00een Chi\u0219in\u0103u pentru locuitorii Moldovei \u0219i vizitatori. Am efectuat analiza cuvintelor-cheie \u0219i am dezvoltat o strategie de link-building folosind domenii autoritare \u0219i de \u00eencredere. Drept urmare, ratingul domeniului a crescut, iar num\u0103rul de cuvinte-cheie clasate a sporit. <\/div>\n                <a href=\"https:\/\/bamboo.md\/ro\/portfolio\/top-rent-md\/\" class=\"theme_button\"><span class=\"post_readmore_label\">Citi\u021bi Mai Multe <\/span><span class=\"hover-arrow\"><\/span><\/a>\n        \n\n    <\/div>\n<\/div><div data-post-id=\"2888\" class=\"sc_portfolio_item sc_item_container post_container\"\n\t\tdata-size=\"1900x1900\"\n\tdata-src=\"https:\/\/bamboo.md\/wp-content\/uploads\/2020\/05\/ydanko-web-site-dising-seo-agence-bamboo-1.png\"\n\t>\n\t<div class=\"post_featured with_thumb hover_link sc_portfolio_item_thumb trx_addons_image_effects_on_waves2\" data-image-effect-strength=\"30\"><img decoding=\"async\" width=\"890\" height=\"664\" src=\"https:\/\/bamboo.md\/wp-content\/uploads\/2020\/05\/ydanko-web-site-dising-seo-agence-bamboo-1-890x664.png\" class=\"attachment-panda-thumb-square size-panda-thumb-square wp-post-image\" alt=\"ydanko-web-site-dising-seo-agence-bamboo\" \/>\t\t\t\t\t\t<div class=\"mask\"><\/div>\n\t\t\t\t\t\t\t\t\t<a href=\"https:\/\/bamboo.md\/ro\/portfolio\/ydanko-md\/\"  aria-hidden=\"true\" class=\"link\"><\/a>\n\t\t\t<\/div>    <div class=\"post_content_wrap\">\n        <div class=\"post_meta\"><span class=\"post_meta_item post_categories cat_sep\"><a href=\"https:\/\/bamboo.md\/ro\/portfolio_group\/startup\/\" title=\"View all posts in Startup\">Startup<\/a><\/span><\/div>            <h2 class=\"post_title\">\n                    <a href=\"https:\/\/bamboo.md\/ro\/portfolio\/ydanko-md\/\">YDanko.com<\/a>\n                    <\/h2>\n        \n                    <div class=\"post_description_content\"> YDanko.com \u2013 un site despre mod\u0103 \u0219i industria de modelling \u00een Italia \u0219i Moldova. Am dezvoltat site-ul astfel \u00eenc\u00e2t s\u0103 fie u\u0219or de utilizat pentru vizitatorii din Italia \u0219i Moldova. A fost implementat\u0103 o optimizare SEO de baz\u0103, \u00eempreun\u0103 cu integrarea re\u021belelor sociale. Proiectul prime\u0219te acum trafic organic din interog\u0103rile de c\u0103utare. <\/div>\n                <a href=\"https:\/\/bamboo.md\/ro\/portfolio\/ydanko-md\/\" class=\"theme_button\"><span class=\"post_readmore_label\">Citi\u021bi Mai Multe <\/span><span class=\"hover-arrow\"><\/span><\/a>\n        \n\n    <\/div>\n<\/div><div data-post-id=\"2908\" class=\"sc_portfolio_item sc_item_container post_container\"\n\t\tdata-size=\"1900x1900\"\n\tdata-src=\"https:\/\/bamboo.md\/wp-content\/uploads\/2020\/05\/usa-blocata-web-site-creation-seo-agence-bamboo.png\"\n\t>\n\t<div class=\"post_featured with_thumb hover_link sc_portfolio_item_thumb trx_addons_image_effects_on_waves2\" data-image-effect-strength=\"30\"><img decoding=\"async\" width=\"890\" height=\"664\" src=\"https:\/\/bamboo.md\/wp-content\/uploads\/2020\/05\/usa-blocata-web-site-creation-seo-agence-bamboo-890x664.png\" class=\"attachment-panda-thumb-square size-panda-thumb-square wp-post-image\" alt=\"usa-blocata-web-site-creation-seo-agence-bamboo\" \/>\t\t\t\t\t\t<div class=\"mask\"><\/div>\n\t\t\t\t\t\t\t\t\t<a href=\"https:\/\/bamboo.md\/ro\/portfolio\/usa-blocata-md\/\"  aria-hidden=\"true\" class=\"link\"><\/a>\n\t\t\t<\/div>    <div class=\"post_content_wrap\">\n        <div class=\"post_meta\"><span class=\"post_meta_item post_categories cat_sep\"><a href=\"https:\/\/bamboo.md\/ro\/portfolio_group\/business\/\" title=\"View all posts in Business\">Afacere<\/a><\/span><\/div>            <h2 class=\"post_title\">\n                    <a href=\"https:\/\/bamboo.md\/ro\/portfolio\/usa-blocata-md\/\">Usa-Blocata.md<\/a>\n                    <\/h2>\n        \n                    <div class=\"post_description_content\"> Usa-Blocata.md \u2013 ajutor pentru deblocarea u\u0219ilor de cas\u0103 sau de ma\u0219in\u0103. Am dezvoltat un site pentru aceast\u0103 companie din Moldova, folosind cod curat \u0219i un design atr\u0103g\u0103tor. Site-ul ocup\u0103 pozi\u021bii de top \u00een rezultatele c\u0103ut\u0103rii Google \u0219i atrage trafic considerabil. <\/div>\n                <a href=\"https:\/\/bamboo.md\/ro\/portfolio\/usa-blocata-md\/\" class=\"theme_button\"><span class=\"post_readmore_label\">Citi\u021bi Mai Multe <\/span><span class=\"hover-arrow\"><\/span><\/a>\n        \n\n    <\/div>\n<\/div><div data-post-id=\"2909\" class=\"sc_portfolio_item sc_item_container post_container\"\n\t\tdata-size=\"1900x1900\"\n\tdata-src=\"https:\/\/bamboo.md\/wp-content\/uploads\/2020\/05\/luxcar-seo-web-site-agence-bamboo.png\"\n\t>\n\t<div class=\"post_featured with_thumb hover_link sc_portfolio_item_thumb trx_addons_image_effects_on_waves2\" data-image-effect-strength=\"30\"><img loading=\"lazy\" decoding=\"async\" width=\"890\" height=\"664\" src=\"https:\/\/bamboo.md\/wp-content\/uploads\/2020\/05\/luxcar-seo-web-site-agence-bamboo-890x664.png\" class=\"attachment-panda-thumb-square size-panda-thumb-square wp-post-image\" alt=\"luxcar-seo-web-site-agence-bamboo\" \/>\t\t\t\t\t\t<div class=\"mask\"><\/div>\n\t\t\t\t\t\t\t\t\t<a href=\"https:\/\/bamboo.md\/ro\/portfolio\/luxcar-md\/\"  aria-hidden=\"true\" class=\"link\"><\/a>\n\t\t\t<\/div>    <div class=\"post_content_wrap\">\n        <div class=\"post_meta\"><span class=\"post_meta_item post_categories cat_sep\"><a href=\"https:\/\/bamboo.md\/ro\/portfolio_group\/business\/\" title=\"View all posts in Business\">Afacere<\/a><span class=\"post_meta_item_cat_separator\">, <\/span><a href=\"https:\/\/bamboo.md\/ro\/portfolio_group\/startup\/\" title=\"View all posts in Startup\">Startup<\/a><\/span><\/div>            <h2 class=\"post_title\">\n                    <a href=\"https:\/\/bamboo.md\/ro\/portfolio\/luxcar-md\/\">LuxCar.md<\/a>\n                    <\/h2>\n        \n                    <div class=\"post_description_content\"> LUXCAR.MD \u2013 \u00eenchiriere de ma\u0219ini de lux \u00een Moldova. Am c\u00e2\u0219tigat experien\u021b\u0103 valoroas\u0103 prin sus\u021binerea complet\u0103 a acestei companii online, de la branding p\u00e2n\u0103 la atragerea consumatorilor finali. Am generat venituri semnificative \u0219i un num\u0103r mare de clien\u021bi loiali. <\/div>\n                <a href=\"https:\/\/bamboo.md\/ro\/portfolio\/luxcar-md\/\" class=\"theme_button\"><span class=\"post_readmore_label\">Citi\u021bi Mai Multe <\/span><span class=\"hover-arrow\"><\/span><\/a>\n        \n\n    <\/div>\n<\/div><\/div><nav class=\"sc_portfolio_pagination sc_item_pagination sc_item_pagination_load_more nav-links-more  sc_align_none\" data-params=\"{&quot;cat&quot;:&quot;0&quot;,&quot;columns&quot;:1,&quot;columns_widescreen&quot;:&quot;&quot;,&quot;columns_laptop&quot;:&quot;&quot;,&quot;columns_tablet_extra&quot;:{&quot;unit&quot;:&quot;px&quot;,&quot;size&quot;:1,&quot;sizes&quot;:[]},&quot;columns_tablet&quot;:1,&quot;columns_mobile_extra&quot;:{&quot;unit&quot;:&quot;px&quot;,&quot;size&quot;:2,&quot;sizes&quot;:[]},&quot;columns_mobile&quot;:2,&quot;count&quot;:4,&quot;offset&quot;:0,&quot;orderby&quot;:&quot;none&quot;,&quot;order&quot;:&quot;asc&quot;,&quot;ids&quot;:&quot;&quot;,&quot;slider&quot;:false,&quot;slider_effect&quot;:&quot;slide&quot;,&quot;slider_pagination&quot;:&quot;none&quot;,&quot;slider_pagination_type&quot;:&quot;bullets&quot;,&quot;slider_pagination_thumbs&quot;:0,&quot;slider_controls&quot;:&quot;none&quot;,&quot;slides_space&quot;:0,&quot;slides_centered&quot;:&quot;&quot;,&quot;slides_overflow&quot;:&quot;&quot;,&quot;slider_mouse_wheel&quot;:&quot;&quot;,&quot;slider_autoplay&quot;:&quot;1&quot;,&quot;slider_loop&quot;:&quot;1&quot;,&quot;slider_free_mode&quot;:&quot;&quot;,&quot;title&quot;:&quot;&quot;,&quot;title_align&quot;:&quot;none&quot;,&quot;title_style&quot;:&quot;default&quot;,&quot;title_tag&quot;:&quot;none&quot;,&quot;title_color&quot;:&quot;&quot;,&quot;title_color2&quot;:&quot;&quot;,&quot;gradient_fill&quot;:&quot;block&quot;,&quot;gradient_direction&quot;:&quot;0&quot;,&quot;title_border_color&quot;:&quot;&quot;,&quot;title_border_width&quot;:{&quot;unit&quot;:&quot;px&quot;,&quot;size&quot;:0,&quot;sizes&quot;:[]},&quot;title_bg_image&quot;:{&quot;url&quot;:&quot;&quot;,&quot;id&quot;:&quot;&quot;,&quot;size&quot;:&quot;&quot;},&quot;title2&quot;:&quot;&quot;,&quot;title2_color&quot;:&quot;&quot;,&quot;title2_color2&quot;:&quot;&quot;,&quot;gradient_fill2&quot;:&quot;block&quot;,&quot;gradient_direction2&quot;:&quot;0&quot;,&quot;title2_border_color&quot;:&quot;&quot;,&quot;title2_border_width&quot;:{&quot;unit&quot;:&quot;px&quot;,&quot;size&quot;:0,&quot;sizes&quot;:[]},&quot;title2_bg_image&quot;:{&quot;url&quot;:&quot;&quot;,&quot;id&quot;:&quot;&quot;,&quot;size&quot;:&quot;&quot;},&quot;subtitle&quot;:&quot;&quot;,&quot;subtitle_align&quot;:&quot;none&quot;,&quot;subtitle_position&quot;:&quot;above&quot;,&quot;subtitle_color&quot;:&quot;&quot;,&quot;description&quot;:&quot;&quot;,&quot;description_color&quot;:&quot;&quot;,&quot;link&quot;:&quot;&quot;,&quot;link_style&quot;:&quot;default&quot;,&quot;link_size&quot;:&quot;normal&quot;,&quot;link_image&quot;:&quot;&quot;,&quot;link_text&quot;:&quot;&quot;,&quot;new_window&quot;:0,&quot;typed&quot;:&quot;&quot;,&quot;typed_strings&quot;:&quot;&quot;,&quot;typed_loop&quot;:&quot;1&quot;,&quot;typed_cursor&quot;:&quot;1&quot;,&quot;typed_cursor_char&quot;:&quot;_&quot;,&quot;typed_color&quot;:&quot;&quot;,&quot;typed_speed&quot;:&quot;6&quot;,&quot;typed_delay&quot;:&quot;1&quot;,&quot;id&quot;:&quot;&quot;,&quot;class&quot;:&quot;&quot;,&quot;className&quot;:&quot;&quot;,&quot;css&quot;:&quot;&quot;,&quot;type&quot;:&quot;band&quot;,&quot;more_text&quot;:&quot;Read more&quot;,&quot;pagination&quot;:&quot;load_more&quot;,&quot;no_margin&quot;:&quot;&quot;,&quot;page&quot;:1,&quot;posts_exclude&quot;:&quot;&quot;,&quot;use_masonry&quot;:&quot;&quot;,&quot;use_gallery&quot;:&quot;&quot;,&quot;count_extra&quot;:{&quot;unit&quot;:&quot;px&quot;,&quot;size&quot;:4,&quot;sizes&quot;:[]},&quot;columns_extra&quot;:{&quot;unit&quot;:&quot;px&quot;,&quot;size&quot;:1,&quot;sizes&quot;:[]},&quot;offset_extra&quot;:{&quot;unit&quot;:&quot;px&quot;,&quot;size&quot;:0,&quot;sizes&quot;:[]},&quot;slides_space_extra&quot;:{&quot;unit&quot;:&quot;px&quot;,&quot;size&quot;:0,&quot;sizes&quot;:[]},&quot;gradient_direction_extra&quot;:{&quot;unit&quot;:&quot;px&quot;,&quot;size&quot;:0,&quot;sizes&quot;:[]},&quot;typed_speed_extra&quot;:{&quot;unit&quot;:&quot;px&quot;,&quot;size&quot;:6,&quot;sizes&quot;:[]},&quot;typed_delay_extra&quot;:{&quot;unit&quot;:&quot;px&quot;,&quot;size&quot;:1,&quot;sizes&quot;:[]},&quot;gradient_direction2_extra&quot;:{&quot;unit&quot;:&quot;px&quot;,&quot;size&quot;:0,&quot;sizes&quot;:[]},&quot;link_extra&quot;:{&quot;url&quot;:&quot;&quot;,&quot;is_external&quot;:&quot;&quot;,&quot;nofollow&quot;:&quot;&quot;,&quot;custom_attributes&quot;:&quot;&quot;},&quot;link_image_extra&quot;:{&quot;url&quot;:&quot;&quot;,&quot;id&quot;:&quot;&quot;,&quot;size&quot;:&quot;&quot;},&quot;scheme&quot;:&quot;&quot;,&quot;color_style&quot;:&quot;default&quot;,&quot;mouse_helper_highlight&quot;:&quot;&quot;,&quot;item_number&quot;:4,&quot;sc&quot;:&quot;sc_portfolio&quot;}\">\n\t\t\t\t<a class=\"nav-links\" data-page=\"2\" data-max-page=\"4\"><span>Load more<\/span><\/a>\n\t\t\t<\/nav><\/div>\t\t\t\t<\/div>\n\t\t\t\t<\/div>\n\t\t\t\t\t<\/div>\n\t\t<\/div>\n\t\t\t\t\t<\/div>\n\t\t<\/section>\n\t\t\t\t<section class=\"elementor-section elementor-top-section elementor-element elementor-element-7298529 elementor-section-boxed elementor-section-height-default elementor-section-height-default sc_fly_static\" data-id=\"7298529\" data-element_type=\"section\" data-e-type=\"section\">\n\t\t\t\t\t\t<div class=\"elementor-container elementor-column-gap-extended\">\n\t\t\t\t\t<div class=\"elementor-column elementor-col-100 elementor-top-column elementor-element elementor-element-0b3a3ca sc_content_align_inherit sc_layouts_column_icons_position_left sc_fly_static\" data-id=\"0b3a3ca\" data-element_type=\"column\" data-e-type=\"column\">\n\t\t\t<div class=\"elementor-widget-wrap elementor-element-populated\">\n\t\t\t\t\t\t<div class=\"elementor-element elementor-element-6916ae5 sc_height_huge sc_fly_static elementor-widget elementor-widget-spacer\" data-id=\"6916ae5\" data-element_type=\"widget\" data-e-type=\"widget\" data-widget_type=\"spacer.default\">\n\t\t\t\t<div class=\"elementor-widget-container\">\n\t\t\t\t\t\t\t<div class=\"elementor-spacer\">\n\t\t\t<div class=\"elementor-spacer-inner\"><\/div>\n\t\t<\/div>\n\t\t\t\t\t\t<\/div>\n\t\t\t\t<\/div>\n\t\t\t\t\t<\/div>\n\t\t<\/div>\n\t\t\t\t\t<\/div>\n\t\t<\/section>\n\t\t\t\t<\/div>","protected":false},"excerpt":{"rendered":"<p>Business Top-Rent.md Top-Rent.md \u2013 Car rental in Chi\u0219in\u0103u for residents of Moldova and visitors. We conducted keyword analysis and developed a link-building strategy using authoritative, high-trust domains. As a result,&hellip;<\/p>","protected":false},"author":1,"featured_media":0,"parent":0,"menu_order":0,"comment_status":"closed","ping_status":"closed","template":"","meta":{"_themeisle_gutenberg_block_has_review":false,"footnotes":""},"class_list":["post-20112","page","type-page","status-publish","hentry"],"_links":{"self":[{"href":"https:\/\/bamboo.md\/ro\/wp-json\/wp\/v2\/pages\/20112","targetHints":{"allow":["GET"]}}],"collection":[{"href":"https:\/\/bamboo.md\/ro\/wp-json\/wp\/v2\/pages"}],"about":[{"href":"https:\/\/bamboo.md\/ro\/wp-json\/wp\/v2\/types\/page"}],"author":[{"embeddable":true,"href":"https:\/\/bamboo.md\/ro\/wp-json\/wp\/v2\/users\/1"}],"replies":[{"embeddable":true,"href":"https:\/\/bamboo.md\/ro\/wp-json\/wp\/v2\/comments?post=20112"}],"version-history":[{"count":18,"href":"https:\/\/bamboo.md\/ro\/wp-json\/wp\/v2\/pages\/20112\/revisions"}],"predecessor-version":[{"id":25906,"href":"https:\/\/bamboo.md\/ro\/wp-json\/wp\/v2\/pages\/20112\/revisions\/25906"}],"wp:attachment":[{"href":"https:\/\/bamboo.md\/ro\/wp-json\/wp\/v2\/media?parent=20112"}],"curies":[{"name":"wp","href":"https:\/\/api.w.org\/{rel}","templated":true}]}}